{"id":225,"date":"2024-03-20T11:55:15","date_gmt":"2024-03-20T11:55:15","guid":{"rendered":"https:\/\/www.apagayvamonos.com\/?page_id=225"},"modified":"2024-10-23T18:40:05","modified_gmt":"2024-10-23T18:40:05","slug":"de-interes","status":"publish","type":"page","link":"https:\/\/www.apagayvamonos.com\/index.php\/inicio\/de-interes\/","title":{"rendered":"De inter\u00e9s"},"content":{"rendered":"\n<p class=\"has-ast-global-color-8-color has-text-color has-link-color has-large-font-size wp-elements-2497fbb93720224a0de205fdfc4bd32d\"><strong>Enlaces a webs o noticias de inter\u00e9s<\/strong><\/p>\n\n\n\n<p><strong>Enlace a la campa\u00f1a de v\u00eddeos #TICconcabeza del Gobierno de Canarias<\/strong><\/p>\n\n\n\n<p><a href=\"https:\/\/www.youtube.com\/results?search_query=ticconcabeza\">https:\/\/www.youtube.com\/results?search_query=ticconcabeza<\/a><\/p>\n\n\n\n<figure class=\"wp-block-embed is-type-video is-provider-youtube wp-block-embed-youtube wp-embed-aspect-16-9 wp-has-aspect-ratio\"><div class=\"wp-block-embed__wrapper\">\n<iframe loading=\"lazy\" title=\"01 Riesgos de las TIC - Campa\u00f1a #TICconcabeza del Gobierno de Canarias\" width=\"500\" height=\"281\" src=\"https:\/\/www.youtube.com\/embed\/r6ODgBRbSNo?list=PL4vVuYJewPsvdWMmjhw91XazOMiL2oEuE\" frameborder=\"0\" allow=\"accelerometer; autoplay; clipboard-write; encrypted-media; gyroscope; picture-in-picture; web-share\" referrerpolicy=\"strict-origin-when-cross-origin\" allowfullscreen><\/iframe>\n<\/div><\/figure>\n\n\n\n<p><strong><a href=\"https:\/\/comunicacion.jcyl.es\/web\/jcyl\/Comunicacion\/es\/Plantilla100Detalle\/1281372051501\/NotaPrensa\/1285382907465\/Comunicacion\" target=\"_blank\" rel=\"noreferrer noopener\">La Junta de Castilla y Le\u00f3n lanza la campa\u00f1a \u00abPausa y reconecta\u00bb para acabar con el uso abusivo de las pantallas entre los j\u00f3venes<\/a><\/strong><\/p>\n\n\n\n<figure class=\"wp-block-image size-large is-resized\"><img loading=\"lazy\" decoding=\"async\" width=\"1024\" height=\"621\" src=\"https:\/\/www.apagayvamonos.com\/wp-content\/uploads\/2024\/04\/Captura-de-pantalla-2024-04-06-a-las-17.10.17-1024x621.png\" alt=\"\" class=\"wp-image-242\" style=\"width:923px;height:auto\" srcset=\"https:\/\/www.apagayvamonos.com\/wp-content\/uploads\/2024\/04\/Captura-de-pantalla-2024-04-06-a-las-17.10.17-1024x621.png 1024w, https:\/\/www.apagayvamonos.com\/wp-content\/uploads\/2024\/04\/Captura-de-pantalla-2024-04-06-a-las-17.10.17-300x182.png 300w, https:\/\/www.apagayvamonos.com\/wp-content\/uploads\/2024\/04\/Captura-de-pantalla-2024-04-06-a-las-17.10.17-768x466.png 768w, https:\/\/www.apagayvamonos.com\/wp-content\/uploads\/2024\/04\/Captura-de-pantalla-2024-04-06-a-las-17.10.17-1536x932.png 1536w, https:\/\/www.apagayvamonos.com\/wp-content\/uploads\/2024\/04\/Captura-de-pantalla-2024-04-06-a-las-17.10.17-2048x1243.png 2048w\" sizes=\"(max-width: 1024px) 100vw, 1024px\" \/><\/figure>\n\n\n\n<p><strong><a href=\"https:\/\/www.mascabezaceroalcohol.es\/\" data-type=\"link\" data-id=\"https:\/\/www.mascabezaceroalcohol.es\/\" target=\"_blank\" rel=\"noreferrer noopener\">Programa de la Diputaci\u00f3n de Valladolid: +cabeza, cero alcohol<\/a><\/strong><\/p>\n\n\n\n<figure class=\"wp-block-image size-large is-resized\"><img loading=\"lazy\" decoding=\"async\" width=\"1024\" height=\"979\" src=\"https:\/\/www.apagayvamonos.com\/wp-content\/uploads\/2024\/03\/Captura-de-pantalla-2024-03-20-a-las-16.14.57-1024x979.png\" alt=\"\" class=\"wp-image-234\" style=\"width:484px;height:auto\" srcset=\"https:\/\/www.apagayvamonos.com\/wp-content\/uploads\/2024\/03\/Captura-de-pantalla-2024-03-20-a-las-16.14.57-1024x979.png 1024w, https:\/\/www.apagayvamonos.com\/wp-content\/uploads\/2024\/03\/Captura-de-pantalla-2024-03-20-a-las-16.14.57-300x287.png 300w, https:\/\/www.apagayvamonos.com\/wp-content\/uploads\/2024\/03\/Captura-de-pantalla-2024-03-20-a-las-16.14.57-768x734.png 768w, https:\/\/www.apagayvamonos.com\/wp-content\/uploads\/2024\/03\/Captura-de-pantalla-2024-03-20-a-las-16.14.57-1536x1468.png 1536w, https:\/\/www.apagayvamonos.com\/wp-content\/uploads\/2024\/03\/Captura-de-pantalla-2024-03-20-a-las-16.14.57.png 2026w\" sizes=\"(max-width: 1024px) 100vw, 1024px\" \/><\/figure>\n\n\n\n<p><a href=\"https:\/\/www.infobae.com\/inhouse\/2023\/07\/17\/6-de-cada-10-ninos-hablan-con-desconocidos-en-internet-que-medidas-tomar-para-prevenir-el-grooming\/\">https:\/\/www.infobae.com\/inhouse\/2023\/07\/17\/6-de-cada-10-ninos-hablan-con-desconocidos-en-internet-que-medidas-tomar-para-prevenir-el-grooming\/<\/a><\/p>\n\n\n\n<figure class=\"wp-block-image size-large is-resized\"><img loading=\"lazy\" decoding=\"async\" width=\"1024\" height=\"812\" src=\"https:\/\/www.apagayvamonos.com\/wp-content\/uploads\/2024\/03\/Captura-de-pantalla-2024-03-20-a-las-16.15.15-1024x812.png\" alt=\"\" class=\"wp-image-235\" style=\"width:503px;height:auto\" srcset=\"https:\/\/www.apagayvamonos.com\/wp-content\/uploads\/2024\/03\/Captura-de-pantalla-2024-03-20-a-las-16.15.15-1024x812.png 1024w, https:\/\/www.apagayvamonos.com\/wp-content\/uploads\/2024\/03\/Captura-de-pantalla-2024-03-20-a-las-16.15.15-300x238.png 300w, https:\/\/www.apagayvamonos.com\/wp-content\/uploads\/2024\/03\/Captura-de-pantalla-2024-03-20-a-las-16.15.15-768x609.png 768w, https:\/\/www.apagayvamonos.com\/wp-content\/uploads\/2024\/03\/Captura-de-pantalla-2024-03-20-a-las-16.15.15-1536x1218.png 1536w, https:\/\/www.apagayvamonos.com\/wp-content\/uploads\/2024\/03\/Captura-de-pantalla-2024-03-20-a-las-16.15.15-2048x1624.png 2048w\" sizes=\"(max-width: 1024px) 100vw, 1024px\" \/><\/figure>\n\n\n\n<p><a href=\"https:\/\/www.infosalus.com\/salud-investigacion\/noticia-adolescentes-peligros-redes-bienestar-emocional-20190307081934.html\">https:\/\/www.infosalus.com\/salud-investigacion\/noticia-adolescentes-peligros-redes-bienestar-emocional-20190307081934.html<\/a><\/p>\n\n\n\n<figure class=\"wp-block-image size-large is-resized\"><img loading=\"lazy\" decoding=\"async\" width=\"1024\" height=\"910\" src=\"https:\/\/www.apagayvamonos.com\/wp-content\/uploads\/2024\/03\/Captura-de-pantalla-2024-03-20-a-las-16.16.05-1024x910.png\" alt=\"\" class=\"wp-image-237\" style=\"width:513px;height:auto\" srcset=\"https:\/\/www.apagayvamonos.com\/wp-content\/uploads\/2024\/03\/Captura-de-pantalla-2024-03-20-a-las-16.16.05-1024x910.png 1024w, https:\/\/www.apagayvamonos.com\/wp-content\/uploads\/2024\/03\/Captura-de-pantalla-2024-03-20-a-las-16.16.05-300x267.png 300w, https:\/\/www.apagayvamonos.com\/wp-content\/uploads\/2024\/03\/Captura-de-pantalla-2024-03-20-a-las-16.16.05-768x682.png 768w, https:\/\/www.apagayvamonos.com\/wp-content\/uploads\/2024\/03\/Captura-de-pantalla-2024-03-20-a-las-16.16.05-1536x1365.png 1536w, https:\/\/www.apagayvamonos.com\/wp-content\/uploads\/2024\/03\/Captura-de-pantalla-2024-03-20-a-las-16.16.05-2048x1820.png 2048w\" sizes=\"(max-width: 1024px) 100vw, 1024px\" \/><\/figure>\n\n\n\n<p class=\"has-ast-global-color-8-color has-text-color has-link-color has-large-font-size wp-elements-b1508a57cccdfd8eaa00adff5e8b83fa\"><strong>Libros de inter\u00e9s<\/strong><\/p>\n\n\n\n<figure class=\"wp-block-embed is-type-rich is-provider-amazon wp-block-embed-amazon\"><div class=\"wp-block-embed__wrapper\">\n<iframe loading=\"lazy\" title=\"La f\u00e1brica de cretinos digitales: Los peligros de las pantallas para nuestros hijos (ACTUALIDAD)\" type=\"text\/html\" width=\"500\" height=\"550\" frameborder=\"0\" allowfullscreen style=\"max-width:100%\" src=\"https:\/\/leer.amazon.es\/kp\/card?preview=inline&#038;linkCode=kpd&#038;ref_=k4w_oembed_NOg97TI2VicheS&#038;asin=8499429335&#038;tag=kpembed-20\"><\/iframe>\n<\/div><\/figure>\n\n\n\n<figure class=\"wp-block-embed is-type-rich is-provider-amazon wp-block-embed-amazon\"><div class=\"wp-block-embed__wrapper\">\n<iframe loading=\"lazy\" title=\"Educar sin pantallas: Aprende a gestionar las pantallas de forma sana, positiva y respetuosa en el hogar (Libros singulares)\" type=\"text\/html\" width=\"500\" height=\"550\" frameborder=\"0\" allowfullscreen style=\"max-width:100%\" src=\"https:\/\/leer.amazon.es\/kp\/card?preview=inline&#038;linkCode=kpd&#038;ref_=k4w_oembed_FwplPO1FAKb7sH&#038;asin=8441544417&#038;tag=kpembed-20\"><\/iframe>\n<\/div><\/figure>\n\n\n\n<figure class=\"wp-block-embed is-type-rich is-provider-amazon wp-block-embed-amazon\"><div class=\"wp-block-embed__wrapper\">\n<iframe loading=\"lazy\" title=\"Empantallados: C\u00f3mo educar con \u00e9xito a tus hijos en un mundo lleno de pantallas (Vergara)\" type=\"text\/html\" width=\"500\" height=\"550\" frameborder=\"0\" allowfullscreen style=\"max-width:100%\" src=\"https:\/\/leer.amazon.es\/kp\/card?preview=inline&#038;linkCode=kpd&#038;ref_=k4w_oembed_xyBntLjEapbxCo&#038;asin=8418620900&#038;tag=kpembed-20\"><\/iframe>\n<\/div><\/figure>\n\n\n\n<figure class=\"wp-block-embed is-type-rich is-provider-amazon wp-block-embed-amazon\"><div class=\"wp-block-embed__wrapper\">\n<iframe loading=\"lazy\" title=\"M\u00e1s libros y menos pantallas: C\u00f3mo acabar con los cretinos digitales (ACTUALIDAD)\" type=\"text\/html\" width=\"500\" height=\"550\" frameborder=\"0\" allowfullscreen style=\"max-width:100%\" src=\"https:\/\/leer.amazon.es\/kp\/card?preview=inline&#038;linkCode=kpd&#038;ref_=k4w_oembed_EQzGScCRCidBqY&#038;asin=8411002268&#038;tag=kpembed-20\"><\/iframe>\n<\/div><\/figure>\n\n\n\n<figure class=\"wp-block-embed is-type-rich is-provider-amazon wp-block-embed-amazon\"><div class=\"wp-block-embed__wrapper\">\n<iframe loading=\"lazy\" title=\"Superficiales: \u00bfQu\u00e9 est\u00e1 haciendo Internet con nuestras mentes? (Taurus Pensamiento) de Carr, Nicholas (2011) Tapa blanda\" type=\"text\/html\" width=\"500\" height=\"550\" frameborder=\"0\" allowfullscreen style=\"max-width:100%\" src=\"https:\/\/leer.amazon.es\/kp\/card?preview=inline&#038;linkCode=kpd&#038;ref_=k4w_oembed_qUxynICiwTdgkL&#038;asin=B00HNE1TU6&#038;tag=kpembed-20\"><\/iframe>\n<\/div><\/figure>\n\n\n\n<figure class=\"wp-block-embed is-type-rich is-provider-amazon wp-block-embed-amazon\"><div class=\"wp-block-embed__wrapper\">\n<iframe loading=\"lazy\" title=\"Demencia Digital: El peligro de las nuevas tecnolog\u00edas (No ficci\u00f3n)\" type=\"text\/html\" width=\"500\" height=\"550\" frameborder=\"0\" allowfullscreen style=\"max-width:100%\" src=\"https:\/\/leer.amazon.es\/kp\/card?preview=inline&#038;linkCode=kpd&#038;ref_=k4w_oembed_iAHWNVOM5Riawb&#038;asin=8466653090&#038;tag=kpembed-20\"><\/iframe>\n<\/div><\/figure>\n\n\n\n<figure class=\"wp-block-embed is-type-rich is-provider-amazon wp-block-embed-amazon\"><div class=\"wp-block-embed__wrapper\">\n<iframe loading=\"lazy\" title=\"Menores en Internet y redes sociales: derecho aplicable y deberes de los padres y centros educativos. Breve referencia al fen\u00f3meno Pokemon Go (Premio Protecci\u00f3n de Datos Personales (AEPD))\" type=\"text\/html\" width=\"500\" height=\"550\" frameborder=\"0\" allowfullscreen style=\"max-width:100%\" src=\"https:\/\/leer.amazon.es\/kp\/card?preview=inline&#038;linkCode=kpd&#038;ref_=k4w_oembed_OuAayc6uyZp6qf&#038;asin=8434023997&#038;tag=kpembed-20\"><\/iframe>\n<\/div><\/figure>\n\n\n\n<p><\/p>\n\n\n\n<div class=\"wp-block-media-text is-stacked-on-mobile\"><figure class=\"wp-block-media-text__media\"><img loading=\"lazy\" decoding=\"async\" width=\"1024\" height=\"432\" src=\"https:\/\/www.apagayvamonos.com\/wp-content\/uploads\/2024\/10\/669fab65a694bbulo-71-jpg-1024x432.webp\" alt=\"\" class=\"wp-image-314 size-full\" srcset=\"https:\/\/www.apagayvamonos.com\/wp-content\/uploads\/2024\/10\/669fab65a694bbulo-71-jpg-1024x432.webp 1024w, https:\/\/www.apagayvamonos.com\/wp-content\/uploads\/2024\/10\/669fab65a694bbulo-71-jpg-300x127.webp 300w, https:\/\/www.apagayvamonos.com\/wp-content\/uploads\/2024\/10\/669fab65a694bbulo-71-jpg-768x324.webp 768w, https:\/\/www.apagayvamonos.com\/wp-content\/uploads\/2024\/10\/669fab65a694bbulo-71-jpg-1536x648.webp 1536w, https:\/\/www.apagayvamonos.com\/wp-content\/uploads\/2024\/10\/669fab65a694bbulo-71-jpg.webp 1600w\" sizes=\"(max-width: 1024px) 100vw, 1024px\" \/><\/figure><div class=\"wp-block-media-text__content\">\n<p><strong>Canal de whatsapp de maldita.es<\/strong><\/p>\n\n\n\n<p><strong>+34 644 229 319<\/strong><\/p>\n\n\n\n<p>para que pod\u00e1is consultar si lo que est\u00e1is viendo en Internet es un bulo o fake new o es verdad.<\/p>\n\n\n\n<p><a href=\"https:\/\/maldita.es\/malditobulo\/\" target=\"_blank\" rel=\"noreferrer noopener\">maldita.es\/malditobulo<\/a><\/p>\n<\/div><\/div>\n","protected":false},"excerpt":{"rendered":"<p>Enlaces a webs o noticias de inter\u00e9s Enlace a la campa\u00f1a de v\u00eddeos #TICconcabeza del Gobierno de Canarias https:\/\/www.youtube.com\/results?search_query=ticconcabeza La [&hellip;]<\/p>\n","protected":false},"author":1,"featured_media":0,"parent":14,"menu_order":0,"comment_status":"closed","ping_status":"closed","template":"","meta":{"site-sidebar-layout":"default","site-content-layout":"","ast-site-content-layout":"default","site-content-style":"default","site-sidebar-style":"default","ast-global-header-display":"","ast-banner-title-visibility":"","ast-main-header-display":"","ast-hfb-above-header-display":"","ast-hfb-below-header-display":"","ast-hfb-mobile-header-display":"","site-post-title":"","ast-breadcrumbs-content":"","ast-featured-img":"","footer-sml-layout":"","ast-disable-related-posts":"","theme-transparent-header-meta":"","adv-header-id-meta":"","stick-header-meta":"","header-above-stick-meta":"","header-main-stick-meta":"","header-below-stick-meta":"","astra-migrate-meta-layouts":"default","ast-page-background-enabled":"default","ast-page-background-meta":{"desktop":{"background-color":"var(--ast-global-color-4)","background-image":"","background-repeat":"repeat","background-position":"center center","background-size":"auto","background-attachment":"scroll","background-type":"","background-media":"","overlay-type":"","overlay-color":"","overlay-opacity":"","overlay-gradient":""},"tablet":{"background-color":"","background-image":"","background-repeat":"repeat","background-position":"center center","background-size":"auto","background-attachment":"scroll","background-type":"","background-media":"","overlay-type":"","overlay-color":"","overlay-opacity":"","overlay-gradient":""},"mobile":{"background-color":"","background-image":"","background-repeat":"repeat","background-position":"center center","background-size":"auto","background-attachment":"scroll","background-type":"","background-media":"","overlay-type":"","overlay-color":"","overlay-opacity":"","overlay-gradient":""}},"ast-content-background-meta":{"desktop":{"background-color":"var(--ast-global-color-5)","background-image":"","background-repeat":"repeat","background-position":"center center","background-size":"auto","background-attachment":"scroll","background-type":"","background-media":"","overlay-type":"","overlay-color":"","overlay-opacity":"","overlay-gradient":""},"tablet":{"background-color":"var(--ast-global-color-5)","background-image":"","background-repeat":"repeat","background-position":"center center","background-size":"auto","background-attachment":"scroll","background-type":"","background-media":"","overlay-type":"","overlay-color":"","overlay-opacity":"","overlay-gradient":""},"mobile":{"background-color":"var(--ast-global-color-5)","background-image":"","background-repeat":"repeat","background-position":"center center","background-size":"auto","background-attachment":"scroll","background-type":"","background-media":"","overlay-type":"","overlay-color":"","overlay-opacity":"","overlay-gradient":""}},"footnotes":""},"_links":{"self":[{"href":"https:\/\/www.apagayvamonos.com\/index.php\/wp-json\/wp\/v2\/pages\/225"}],"collection":[{"href":"https:\/\/www.apagayvamonos.com\/index.php\/wp-json\/wp\/v2\/pages"}],"about":[{"href":"https:\/\/www.apagayvamonos.com\/index.php\/wp-json\/wp\/v2\/types\/page"}],"author":[{"embeddable":true,"href":"https:\/\/www.apagayvamonos.com\/index.php\/wp-json\/wp\/v2\/users\/1"}],"replies":[{"embeddable":true,"href":"https:\/\/www.apagayvamonos.com\/index.php\/wp-json\/wp\/v2\/comments?post=225"}],"version-history":[{"count":12,"href":"https:\/\/www.apagayvamonos.com\/index.php\/wp-json\/wp\/v2\/pages\/225\/revisions"}],"predecessor-version":[{"id":316,"href":"https:\/\/www.apagayvamonos.com\/index.php\/wp-json\/wp\/v2\/pages\/225\/revisions\/316"}],"up":[{"embeddable":true,"href":"https:\/\/www.apagayvamonos.com\/index.php\/wp-json\/wp\/v2\/pages\/14"}],"wp:attachment":[{"href":"https:\/\/www.apagayvamonos.com\/index.php\/wp-json\/wp\/v2\/media?parent=225"}],"curies":[{"name":"wp","href":"https:\/\/api.w.org\/{rel}","templated":true}]}}