{"id":62,"date":"2024-03-07T10:27:38","date_gmt":"2024-03-07T10:27:38","guid":{"rendered":"https:\/\/www.apagayvamonos.com\/?page_id=62"},"modified":"2024-03-15T11:56:16","modified_gmt":"2024-03-15T11:56:16","slug":"documentacion","status":"publish","type":"page","link":"https:\/\/www.apagayvamonos.com\/index.php\/inicio\/documentacion\/","title":{"rendered":"Documentaci\u00f3n"},"content":{"rendered":"\n<p class=\"has-ast-global-color-8-color has-text-color has-link-color wp-elements-6c26f81394673dd5c9d523c2d033f609\">Aqu\u00ed os iremos facilitando toda la documentaci\u00f3n importante del proyecto que os podr\u00e9is descargar y\/o imprimir.<\/p>\n\n\n\n<p class=\"has-large-font-size\"><strong>Acuerdos de uso familiar responsable de las TIC<\/strong><\/p>\n\n\n\n<div data-wp-interactive=\"\" class=\"wp-block-file\"><object data-wp-bind--hidden=\"!selectors.core.file.hasPdfPreview\" hidden class=\"wp-block-file__embed\" data=\"https:\/\/www.apagayvamonos.com\/wp-content\/uploads\/2024\/03\/Acuerdo-familiar-para-el-uso-responsable-de-las-TIC-0-7-anos.pdf\" type=\"application\/pdf\" style=\"width:100%;height:600px\" aria-label=\"Incrustado de Acuerdo familiar uso responsable de las TIC para menores de Primaria<br&gt;.\"><\/object><a id=\"wp-block-file--media-10264e62-1beb-4e2a-a3c9-dada1b8be6a9\" href=\"https:\/\/www.apagayvamonos.com\/wp-content\/uploads\/2024\/03\/Acuerdo-familiar-para-el-uso-responsable-de-las-TIC-0-7-anos.pdf\">Acuerdo familiar uso responsable de las TIC para menores de Primaria<br><\/a><a href=\"https:\/\/www.apagayvamonos.com\/wp-content\/uploads\/2024\/03\/Acuerdo-familiar-para-el-uso-responsable-de-las-TIC-0-7-anos.pdf\" class=\"wp-block-file__button wp-element-button\" download aria-describedby=\"wp-block-file--media-10264e62-1beb-4e2a-a3c9-dada1b8be6a9\">Descarga<\/a><\/div>\n\n\n\n<div data-wp-interactive=\"\" class=\"wp-block-file\"><object data-wp-bind--hidden=\"!selectors.core.file.hasPdfPreview\" hidden class=\"wp-block-file__embed\" data=\"https:\/\/www.apagayvamonos.com\/wp-content\/uploads\/2024\/03\/Contrato-Uso-Familiar-de-las-TIC-8-16.pdf\" type=\"application\/pdf\" style=\"width:100%;height:600px\" aria-label=\"Incrustado de Contrato-Uso-Familiar-de-las-TIC-8-16<br&gt;.\"><\/object><a id=\"wp-block-file--media-a663c730-e5f2-4f8d-b202-f24940c53c41\" href=\"https:\/\/www.apagayvamonos.com\/wp-content\/uploads\/2024\/03\/Contrato-Uso-Familiar-de-las-TIC-8-16.pdf\">Contrato-Uso-Familiar-de-las-TIC-8-16<br><\/a><a href=\"https:\/\/www.apagayvamonos.com\/wp-content\/uploads\/2024\/03\/Contrato-Uso-Familiar-de-las-TIC-8-16.pdf\" class=\"wp-block-file__button wp-element-button\" download aria-describedby=\"wp-block-file--media-a663c730-e5f2-4f8d-b202-f24940c53c41\">Descarga<\/a><\/div>\n\n\n\n<p class=\"has-large-font-size\"><strong>Cartel informativo del Proyecto Apaga y V\u00e1monos<\/strong><\/p>\n\n\n\n<div data-wp-interactive=\"\" class=\"wp-block-file\"><object data-wp-bind--hidden=\"!selectors.core.file.hasPdfPreview\" hidden class=\"wp-block-file__embed\" data=\"https:\/\/www.apagayvamonos.com\/wp-content\/uploads\/2024\/03\/Folleto-informativo-Apaga-y-Vamonos.pdf\" type=\"application\/pdf\" style=\"width:100%;height:600px\" aria-label=\"Incrustado de Cartel informativo &quot;Proyecto Apaga y V\u00e1monos&quot;.\"><\/object><a id=\"wp-block-file--media-a6d7a2ff-44c7-48f2-b01b-8d5759984a9f\" href=\"https:\/\/www.apagayvamonos.com\/wp-content\/uploads\/2024\/03\/Folleto-informativo-Apaga-y-Vamonos.pdf\">Cartel informativo \u00abProyecto Apaga y V\u00e1monos\u00bb<\/a><a href=\"https:\/\/www.apagayvamonos.com\/wp-content\/uploads\/2024\/03\/Folleto-informativo-Apaga-y-Vamonos.pdf\" class=\"wp-block-file__button wp-element-button\" download aria-describedby=\"wp-block-file--media-a6d7a2ff-44c7-48f2-b01b-8d5759984a9f\">Descarga<\/a><\/div>\n\n\n\n<p class=\"has-large-font-size\"><strong>Manifiesto de adhesi\u00f3n al Proyecto<\/strong><\/p>\n\n\n\n<div data-wp-interactive=\"\" class=\"wp-block-file\"><object data-wp-bind--hidden=\"!selectors.core.file.hasPdfPreview\" hidden class=\"wp-block-file__embed\" data=\"https:\/\/www.apagayvamonos.com\/wp-content\/uploads\/2024\/03\/manifiesto.pdf\" type=\"application\/pdf\" style=\"width:100%;height:600px\" aria-label=\"Incrustado de Manifiesto.\"><\/object><a id=\"wp-block-file--media-af1f5115-5f90-45c6-8711-7bf7176bc337\" href=\"https:\/\/www.apagayvamonos.com\/wp-content\/uploads\/2024\/03\/manifiesto.pdf\">Manifiesto<\/a><a href=\"https:\/\/www.apagayvamonos.com\/wp-content\/uploads\/2024\/03\/manifiesto.pdf\" class=\"wp-block-file__button wp-element-button\" download aria-describedby=\"wp-block-file--media-af1f5115-5f90-45c6-8711-7bf7176bc337\">Descarga<\/a><\/div>\n\n\n\n<div data-wp-interactive=\"\" class=\"wp-block-file\"><object data-wp-bind--hidden=\"!selectors.core.file.hasPdfPreview\" hidden class=\"wp-block-file__embed\" data=\"https:\/\/www.apagayvamonos.com\/wp-content\/uploads\/2024\/03\/Folleto-para-jovenes-\u00a1Yo-controlo-menores-y-nuevas-tecnologias.pdf\" type=\"application\/pdf\" style=\"width:100%;height:600px\" aria-label=\"Incrustado de Folleto-para-jovenes-\u00a1Yo-controlo-menores-y-nuevas-tecnologias.\"><\/object><a id=\"wp-block-file--media-8c53e77c-d008-4efd-af50-f8606f9c2ee0\" href=\"https:\/\/www.apagayvamonos.com\/wp-content\/uploads\/2024\/03\/Folleto-para-jovenes-\u00a1Yo-controlo-menores-y-nuevas-tecnologias.pdf\">Folleto-para-jovenes-\u00a1Yo-controlo-menores-y-nuevas-tecnologias<\/a><a href=\"https:\/\/www.apagayvamonos.com\/wp-content\/uploads\/2024\/03\/Folleto-para-jovenes-\u00a1Yo-controlo-menores-y-nuevas-tecnologias.pdf\" class=\"wp-block-file__button wp-element-button\" download aria-describedby=\"wp-block-file--media-8c53e77c-d008-4efd-af50-f8606f9c2ee0\">Descarga<\/a><\/div>\n\n\n\n<div data-wp-interactive=\"\" class=\"wp-block-file\"><object data-wp-bind--hidden=\"!selectors.core.file.hasPdfPreview\" hidden class=\"wp-block-file__embed\" data=\"https:\/\/www.apagayvamonos.com\/wp-content\/uploads\/2024\/03\/Menores.-Nuevas-tecnologias-y-problemas.-Guia-practica-para-padres-y-madres.pdf\" type=\"application\/pdf\" style=\"width:100%;height:600px\" aria-label=\"Incrustado de Menores.-Nuevas-tecnologias-y-problemas.-Guia-practica-para-padres-y-madres.\"><\/object><a id=\"wp-block-file--media-19ed9379-531e-4808-963e-ae1cf965baee\" href=\"https:\/\/www.apagayvamonos.com\/wp-content\/uploads\/2024\/03\/Menores.-Nuevas-tecnologias-y-problemas.-Guia-practica-para-padres-y-madres.pdf\">Menores.-Nuevas-tecnologias-y-problemas.-Guia-practica-para-padres-y-madres<\/a><a href=\"https:\/\/www.apagayvamonos.com\/wp-content\/uploads\/2024\/03\/Menores.-Nuevas-tecnologias-y-problemas.-Guia-practica-para-padres-y-madres.pdf\" class=\"wp-block-file__button wp-element-button\" download aria-describedby=\"wp-block-file--media-19ed9379-531e-4808-963e-ae1cf965baee\">Descarga<\/a><\/div>\n","protected":false},"excerpt":{"rendered":"<p>Aqu\u00ed os iremos facilitando toda la documentaci\u00f3n importante del proyecto que os podr\u00e9is descargar y\/o imprimir. Acuerdos de uso familiar [&hellip;]<\/p>\n","protected":false},"author":1,"featured_media":0,"parent":14,"menu_order":0,"comment_status":"closed","ping_status":"closed","template":"","meta":{"site-sidebar-layout":"default","site-content-layout":"","ast-site-content-layout":"default","site-content-style":"default","site-sidebar-style":"default","ast-global-header-display":"","ast-banner-title-visibility":"","ast-main-header-display":"","ast-hfb-above-header-display":"","ast-hfb-below-header-display":"","ast-hfb-mobile-header-display":"","site-post-title":"","ast-breadcrumbs-content":"","ast-featured-img":"","footer-sml-layout":"","ast-disable-related-posts":"","theme-transparent-header-meta":"","adv-header-id-meta":"","stick-header-meta":"","header-above-stick-meta":"","header-main-stick-meta":"","header-below-stick-meta":"","astra-migrate-meta-layouts":"default","ast-page-background-enabled":"default","ast-page-background-meta":{"desktop":{"background-color":"var(--ast-global-color-4)","background-image":"","background-repeat":"repeat","background-position":"center center","background-size":"auto","background-attachment":"scroll","background-type":"","background-media":"","overlay-type":"","overlay-color":"","overlay-opacity":"","overlay-gradient":""},"tablet":{"background-color":"","background-image":"","background-repeat":"repeat","background-position":"center center","background-size":"auto","background-attachment":"scroll","background-type":"","background-media":"","overlay-type":"","overlay-color":"","overlay-opacity":"","overlay-gradient":""},"mobile":{"background-color":"","background-image":"","background-repeat":"repeat","background-position":"center center","background-size":"auto","background-attachment":"scroll","background-type":"","background-media":"","overlay-type":"","overlay-color":"","overlay-opacity":"","overlay-gradient":""}},"ast-content-background-meta":{"desktop":{"background-color":"var(--ast-global-color-5)","background-image":"","background-repeat":"repeat","background-position":"center center","background-size":"auto","background-attachment":"scroll","background-type":"","background-media":"","overlay-type":"","overlay-color":"","overlay-opacity":"","overlay-gradient":""},"tablet":{"background-color":"var(--ast-global-color-5)","background-image":"","background-repeat":"repeat","background-position":"center center","background-size":"auto","background-attachment":"scroll","background-type":"","background-media":"","overlay-type":"","overlay-color":"","overlay-opacity":"","overlay-gradient":""},"mobile":{"background-color":"var(--ast-global-color-5)","background-image":"","background-repeat":"repeat","background-position":"center center","background-size":"auto","background-attachment":"scroll","background-type":"","background-media":"","overlay-type":"","overlay-color":"","overlay-opacity":"","overlay-gradient":""}},"footnotes":""},"_links":{"self":[{"href":"https:\/\/www.apagayvamonos.com\/index.php\/wp-json\/wp\/v2\/pages\/62"}],"collection":[{"href":"https:\/\/www.apagayvamonos.com\/index.php\/wp-json\/wp\/v2\/pages"}],"about":[{"href":"https:\/\/www.apagayvamonos.com\/index.php\/wp-json\/wp\/v2\/types\/page"}],"author":[{"embeddable":true,"href":"https:\/\/www.apagayvamonos.com\/index.php\/wp-json\/wp\/v2\/users\/1"}],"replies":[{"embeddable":true,"href":"https:\/\/www.apagayvamonos.com\/index.php\/wp-json\/wp\/v2\/comments?post=62"}],"version-history":[{"count":6,"href":"https:\/\/www.apagayvamonos.com\/index.php\/wp-json\/wp\/v2\/pages\/62\/revisions"}],"predecessor-version":[{"id":192,"href":"https:\/\/www.apagayvamonos.com\/index.php\/wp-json\/wp\/v2\/pages\/62\/revisions\/192"}],"up":[{"embeddable":true,"href":"https:\/\/www.apagayvamonos.com\/index.php\/wp-json\/wp\/v2\/pages\/14"}],"wp:attachment":[{"href":"https:\/\/www.apagayvamonos.com\/index.php\/wp-json\/wp\/v2\/media?parent=62"}],"curies":[{"name":"wp","href":"https:\/\/api.w.org\/{rel}","templated":true}]}}