{"id":79,"date":"2024-03-08T12:58:52","date_gmt":"2024-03-08T12:58:52","guid":{"rendered":"https:\/\/www.apagayvamonos.com\/?page_id=79"},"modified":"2024-03-10T17:42:09","modified_gmt":"2024-03-10T17:42:09","slug":"contacto","status":"publish","type":"page","link":"https:\/\/www.apagayvamonos.com\/index.php\/inicio\/contacto\/","title":{"rendered":"Contacto"},"content":{"rendered":"\n<p class=\"has-ast-global-color-8-color has-text-color has-link-color wp-elements-d013f443604bdc3511a6519eaef4ad56\">Si quieres contactar con nosotros para cualquier duda o aclaraci\u00f3n, por favor contacta a trav\u00e9s del siguiente correo electr\u00f3nico:<\/p>\n\n\n\n<figure class=\"wp-block-image aligncenter size-full is-resized\"><img loading=\"lazy\" decoding=\"async\" width=\"512\" height=\"512\" src=\"https:\/\/www.apagayvamonos.com\/wp-content\/uploads\/2024\/03\/646094.png\" alt=\"\" class=\"wp-image-123\" style=\"width:359px;height:auto\" srcset=\"https:\/\/www.apagayvamonos.com\/wp-content\/uploads\/2024\/03\/646094.png 512w, https:\/\/www.apagayvamonos.com\/wp-content\/uploads\/2024\/03\/646094-300x300.png 300w, https:\/\/www.apagayvamonos.com\/wp-content\/uploads\/2024\/03\/646094-150x150.png 150w\" sizes=\"(max-width: 512px) 100vw, 512px\" \/><\/figure>\n\n\n\n<p class=\"has-text-align-center\"><strong>proyectoapagayvamonos@gmail.com<\/strong><\/p>\n","protected":false},"excerpt":{"rendered":"<p>Si quieres contactar con nosotros para cualquier duda o aclaraci\u00f3n, por favor contacta a trav\u00e9s del siguiente correo electr\u00f3nico: proyectoapagayvamonos@gmail.com<\/p>\n","protected":false},"author":1,"featured_media":0,"parent":14,"menu_order":0,"comment_status":"closed","ping_status":"closed","template":"","meta":{"site-sidebar-layout":"default","site-content-layout":"","ast-site-content-layout":"default","site-content-style":"default","site-sidebar-style":"default","ast-global-header-display":"","ast-banner-title-visibility":"","ast-main-header-display":"","ast-hfb-above-header-display":"","ast-hfb-below-header-display":"","ast-hfb-mobile-header-display":"","site-post-title":"","ast-breadcrumbs-content":"","ast-featured-img":"","footer-sml-layout":"","ast-disable-related-posts":"","theme-transparent-header-meta":"","adv-header-id-meta":"","stick-header-meta":"","header-above-stick-meta":"","header-main-stick-meta":"","header-below-stick-meta":"","astra-migrate-meta-layouts":"default","ast-page-background-enabled":"default","ast-page-background-meta":{"desktop":{"background-color":"var(--ast-global-color-4)","background-image":"","background-repeat":"repeat","background-position":"center center","background-size":"auto","background-attachment":"scroll","background-type":"","background-media":"","overlay-type":"","overlay-color":"","overlay-opacity":"","overlay-gradient":""},"tablet":{"background-color":"","background-image":"","background-repeat":"repeat","background-position":"center center","background-size":"auto","background-attachment":"scroll","background-type":"","background-media":"","overlay-type":"","overlay-color":"","overlay-opacity":"","overlay-gradient":""},"mobile":{"background-color":"","background-image":"","background-repeat":"repeat","background-position":"center center","background-size":"auto","background-attachment":"scroll","background-type":"","background-media":"","overlay-type":"","overlay-color":"","overlay-opacity":"","overlay-gradient":""}},"ast-content-background-meta":{"desktop":{"background-color":"var(--ast-global-color-5)","background-image":"","background-repeat":"repeat","background-position":"center center","background-size":"auto","background-attachment":"scroll","background-type":"","background-media":"","overlay-type":"","overlay-color":"","overlay-opacity":"","overlay-gradient":""},"tablet":{"background-color":"var(--ast-global-color-5)","background-image":"","background-repeat":"repeat","background-position":"center center","background-size":"auto","background-attachment":"scroll","background-type":"","background-media":"","overlay-type":"","overlay-color":"","overlay-opacity":"","overlay-gradient":""},"mobile":{"background-color":"var(--ast-global-color-5)","background-image":"","background-repeat":"repeat","background-position":"center center","background-size":"auto","background-attachment":"scroll","background-type":"","background-media":"","overlay-type":"","overlay-color":"","overlay-opacity":"","overlay-gradient":""}},"footnotes":""},"_links":{"self":[{"href":"https:\/\/www.apagayvamonos.com\/index.php\/wp-json\/wp\/v2\/pages\/79"}],"collection":[{"href":"https:\/\/www.apagayvamonos.com\/index.php\/wp-json\/wp\/v2\/pages"}],"about":[{"href":"https:\/\/www.apagayvamonos.com\/index.php\/wp-json\/wp\/v2\/types\/page"}],"author":[{"embeddable":true,"href":"https:\/\/www.apagayvamonos.com\/index.php\/wp-json\/wp\/v2\/users\/1"}],"replies":[{"embeddable":true,"href":"https:\/\/www.apagayvamonos.com\/index.php\/wp-json\/wp\/v2\/comments?post=79"}],"version-history":[{"count":7,"href":"https:\/\/www.apagayvamonos.com\/index.php\/wp-json\/wp\/v2\/pages\/79\/revisions"}],"predecessor-version":[{"id":276,"href":"https:\/\/www.apagayvamonos.com\/index.php\/wp-json\/wp\/v2\/pages\/79\/revisions\/276"}],"up":[{"embeddable":true,"href":"https:\/\/www.apagayvamonos.com\/index.php\/wp-json\/wp\/v2\/pages\/14"}],"wp:attachment":[{"href":"https:\/\/www.apagayvamonos.com\/index.php\/wp-json\/wp\/v2\/media?parent=79"}],"curies":[{"name":"wp","href":"https:\/\/api.w.org\/{rel}","templated":true}]}}